{"id":1427,"date":"2020-02-16T00:14:28","date_gmt":"2020-02-15T23:14:28","guid":{"rendered":"https:\/\/www.spsearch.fr\/?page_id=1427"},"modified":"2022-01-23T12:48:24","modified_gmt":"2022-01-23T11:48:24","slug":"contact-us","status":"publish","type":"page","link":"https:\/\/www.spsearch.fr\/en\/contact-us\/","title":{"rendered":"Contact-us"},"content":{"rendered":"\t\t<div data-elementor-type=\"wp-page\" data-elementor-id=\"1427\" class=\"elementor elementor-1427 elementor-29\" data-elementor-post-type=\"page\">\n\t\t\t\t\t\t<section data-particle_enable=\"false\" data-particle-mobile-disabled=\"false\" class=\"elementor-section elementor-top-section elementor-element elementor-element-4de84bd elementor-section-height-min-height elementor-section-content-middle elementor-section-boxed elementor-section-height-default elementor-section-items-middle\" data-id=\"4de84bd\" data-element_type=\"section\" data-e-type=\"section\" data-settings=\"{&quot;background_background&quot;:&quot;classic&quot;,&quot;background_motion_fx_motion_fx_scrolling&quot;:&quot;yes&quot;,&quot;background_motion_fx_opacity_effect&quot;:&quot;yes&quot;,&quot;background_motion_fx_opacity_direction&quot;:&quot;in-out&quot;,&quot;background_motion_fx_opacity_range&quot;:{&quot;unit&quot;:&quot;%&quot;,&quot;size&quot;:&quot;&quot;,&quot;sizes&quot;:{&quot;start&quot;:70,&quot;end&quot;:100}},&quot;background_motion_fx_opacity_level&quot;:{&quot;unit&quot;:&quot;px&quot;,&quot;size&quot;:10,&quot;sizes&quot;:[]},&quot;background_motion_fx_devices&quot;:[&quot;desktop&quot;,&quot;tablet&quot;,&quot;mobile&quot;]}\">\n\t\t\t\t\t\t<div class=\"elementor-container elementor-column-gap-default\">\n\t\t\t\t\t<div class=\"elementor-column elementor-col-100 elementor-top-column elementor-element elementor-element-2765d0f\" data-id=\"2765d0f\" data-element_type=\"column\" data-e-type=\"column\">\n\t\t\t<div class=\"elementor-widget-wrap elementor-element-populated\">\n\t\t\t\t\t\t<div class=\"elementor-element elementor-element-780a2e2 elementor-widget elementor-widget-heading\" data-id=\"780a2e2\" data-element_type=\"widget\" data-e-type=\"widget\" data-widget_type=\"heading.default\">\n\t\t\t\t\t<h1 class=\"elementor-heading-title elementor-size-default\"><b><span style=\"color:#028BC8\">Contact <\/span><\/b><b>us<\/b><\/h1>\t\t\t\t<\/div>\n\t\t\t\t\t<\/div>\n\t\t<\/div>\n\t\t\t\t\t<\/div>\n\t\t<\/section>\n\t\t\t\t<section data-particle_enable=\"false\" data-particle-mobile-disabled=\"false\" class=\"elementor-section elementor-top-section elementor-element elementor-element-7d40a1f elementor-section-boxed elementor-section-height-default elementor-section-height-default\" data-id=\"7d40a1f\" data-element_type=\"section\" data-e-type=\"section\">\n\t\t\t\t\t\t<div class=\"elementor-container elementor-column-gap-default\">\n\t\t\t\t\t<div class=\"elementor-column elementor-col-100 elementor-top-column elementor-element elementor-element-ce61524\" data-id=\"ce61524\" data-element_type=\"column\" data-e-type=\"column\">\n\t\t\t<div class=\"elementor-widget-wrap elementor-element-populated\">\n\t\t\t\t\t\t<div class=\"elementor-element elementor-element-75de058 elementor-widget elementor-widget-heading\" data-id=\"75de058\" data-element_type=\"widget\" data-e-type=\"widget\" data-widget_type=\"heading.default\">\n\t\t\t\t\t<h2 class=\"elementor-heading-title elementor-size-default\"><b><span style=\"color:#028BC8\">Please<\/span> complete this form.<\/b><\/h2>\t\t\t\t<\/div>\n\t\t\t\t\t<\/div>\n\t\t<\/div>\n\t\t\t\t\t<\/div>\n\t\t<\/section>\n\t\t\t\t<section data-particle_enable=\"false\" data-particle-mobile-disabled=\"false\" class=\"elementor-section elementor-top-section elementor-element elementor-element-33aa9d5 elementor-reverse-tablet elementor-reverse-mobile elementor-section-boxed elementor-section-height-default elementor-section-height-default\" data-id=\"33aa9d5\" data-element_type=\"section\" data-e-type=\"section\" data-settings=\"{&quot;background_background&quot;:&quot;classic&quot;}\">\n\t\t\t\t\t\t\t<div class=\"elementor-background-overlay\"><\/div>\n\t\t\t\t\t\t\t<div class=\"elementor-container elementor-column-gap-default\">\n\t\t\t\t\t<div class=\"elementor-column elementor-col-50 elementor-top-column elementor-element elementor-element-6450291\" data-id=\"6450291\" data-element_type=\"column\" data-e-type=\"column\">\n\t\t\t<div class=\"elementor-widget-wrap elementor-element-populated\">\n\t\t\t\t\t\t<div class=\"elementor-element elementor-element-afe4694 elementor-widget elementor-widget-spacer\" data-id=\"afe4694\" data-element_type=\"widget\" data-e-type=\"widget\" data-widget_type=\"spacer.default\">\n\t\t\t\t\t\t\t<div class=\"elementor-spacer\">\n\t\t\t<div class=\"elementor-spacer-inner\"><\/div>\n\t\t<\/div>\n\t\t\t\t\t\t<\/div>\n\t\t\t\t<div class=\"elementor-element elementor-element-73ed757 elementor-widget elementor-widget-sps-candidature\" data-id=\"73ed757\" data-element_type=\"widget\" data-e-type=\"widget\" data-widget_type=\"sps-candidature.default\">\n\t\t\t\t<div class=\"elementor-widget-container\">\n\t\t\t\t\t<script src=\"https:\/\/www.google.com\/recaptcha\/api.js?render=6Ldtn9kUAAAAAMsNKt7CJq_zzKcfPfvLZM-mfIH6\"><\/script>              <script>\n                  grecaptcha.ready(function () {\n                      grecaptcha.execute('6Ldtn9kUAAAAAMsNKt7CJq_zzKcfPfvLZM-mfIH6', { action: 'job_apply' }).then(function (token) {\n                          var recaptchaResponse = document.getElementById('recaptchaResponse');\n                          recaptchaResponse.value = token;\n                      });\n                  });\n              <\/script>\n              <div class=\"job-apply contact-form\" id=\"job-form\">\n  <form action=\"\" method=\"post\" enctype=\"multipart\/form-data\">\n\n    <div class=\"field field-text\">\n      <label for=\"prenom\">First name <span>*<\/span><\/label>\n      <input type=\"text\" name=\"prenom\" placeholder=\"First name\" id=\"prenom\" required>\n    <\/div>\n    <div class=\"field field-text\">\n      <label for=\"nom\">Last name <span>*<\/span><\/label>\n      <input type=\"text\" id=\"nom\" name=\"nom\" placeholder=\"Last name\" required>\n    <\/div>\n    <div class=\"field field-text\">\n      <label for=\"email\">Personal E-mail <span>*<\/span><\/label>\n      <input type=\"email\" name=\"email\" id=\"email\" placeholder=\"Personal E-mail\" required>\n    <\/div>\n    <div class=\"field field-text\">\n      <label for=\"tel\">Phone <span>*<\/span><\/label>\n      <input type=\"text\" name=\"tel\" id=\"tel\" placeholder=\"Phone\" required>\n    <\/div>\n    <div class=\"field field-select field-full\">\n      <label for=\"civilite\">You are? <span>*<\/span><\/label>\n      <select name=\"ve\" id=\"ve\" required>\n        <option value=\"Recruteur\">Recruiters<\/option>\n        <option value=\"Candidat\">Applicants<\/option>\n        <option value=\"Autre\">Other<\/option>\n      <\/select>\n    <\/div>\n    <div class=\"field field-select field-full\">\n      <label for=\"message\">Message <span>*<\/span><\/label>\n      <textarea name=\"message\" rows=\"8\" cols=\"80\"><\/textarea>\n    <\/div>\n    <div class=\"field field-checkbox field-full\">\n      <label for=\"nl\">\n        <input type=\"checkbox\" name=\"nl\" id=\"nl\" value=\"1\">\n        I agree to receive the SP SEARCH newsletter      <\/label>\n    <\/div>\n\n    <div class=\"field field-submit field-full\">\n      <input type=\"hidden\" name=\"recaptcha_response\" id=\"recaptchaResponse\">\n      <input type=\"hidden\" value=\"apply-contact\" name=\"apply-submit\">\n      <button type=\"submit\">Submit<\/button>\n    <\/div>\n  <\/form>\n<\/div>\n<p class=\"mandat\">* Mandatory information to be able to process your contact request.<\/p>\t\t\t\t<\/div>\n\t\t\t\t<\/div>\n\t\t\t\t\t<\/div>\n\t\t<\/div>\n\t\t\t\t<div class=\"elementor-column elementor-col-50 elementor-top-column elementor-element elementor-element-b798028\" data-id=\"b798028\" data-element_type=\"column\" data-e-type=\"column\">\n\t\t\t<div class=\"elementor-widget-wrap elementor-element-populated\">\n\t\t\t\t\t\t<div class=\"elementor-element elementor-element-87cfa47 elementor-position-inline-start elementor-view-default elementor-mobile-position-block-start elementor-widget elementor-widget-icon-box\" data-id=\"87cfa47\" data-element_type=\"widget\" data-e-type=\"widget\" data-widget_type=\"icon-box.default\">\n\t\t\t\t\t\t\t<div class=\"elementor-icon-box-wrapper\">\n\n\t\t\t\t\t\t<div class=\"elementor-icon-box-icon\">\n\t\t\t\t<span  class=\"elementor-icon\">\n\t\t\t\t<svg xmlns=\"http:\/\/www.w3.org\/2000\/svg\" height=\"50\" viewBox=\"0 0 50 50\" width=\"50\"><path d=\"m49.2033069.81360895c-.0029297-.0029297-.0052735-.00605472-.0082032-.00898442-.0029296-.0029297-.0060546-.00527346-.0089843-.00800785-.7781246-.77168374-1.8943348-1.0035209-2.9160139-.60400708l-44.5328831 17.4128844c-1.17734304.4602563-1.86708871 1.6128991-1.71679583 2.8678861.1506835 1.2550848 1.09335871 2.2118281 2.34599466 2.3806766l21.76531887 2.935367c.0407226.0055664.0733398.0379885.0789062.0790043l2.9353497 21.765251c.1688476 1.2526433 1.1255853 2.1955193 2.3806627 2.3460084.1146483.0137696.2282225.0203126.3407224.0203126 1.1189446 0 2.1087878-.6673863 2.5271469-1.7370208l17.4129777-44.53363228c.3993162-1.02148974.167578-2.13751123-.6041988-2.91573797zm-46.48385854 19.42588325c-.04882809-.0066407-.07080073-.0094727-.07929682-.0801762-.00839844-.0707035.01230468-.0789067.05791012-.0965825l41.66540434-16.2917848-19.4877811 19.4880906c-.1270507-.0368166-22.15623654-3.0195471-22.15623654-3.0195471zm27.21785454 27.0626421c-.0177734.0456057-.0249023.0666019-.0965819.0578128-.0706055-.0083985-.0736328-.0305666-.0800781-.079102 0 0-2.982713-22.0293149-3.0195294-22.1563663l19.4877811-19.48799296z\" fill=\"#fff\"><\/path><\/svg>\t\t\t\t<\/span>\n\t\t\t<\/div>\n\t\t\t\n\t\t\t\t\t\t<div class=\"elementor-icon-box-content\">\n\n\t\t\t\t\t\t\t\t\t<h3 class=\"elementor-icon-box-title\">\n\t\t\t\t\t\t<span  >\n\t\t\t\t\t\t\tAdDress\t\t\t\t\t\t<\/span>\n\t\t\t\t\t<\/h3>\n\t\t\t\t\n\t\t\t\t\t\t\t\t\t<p class=\"elementor-icon-box-description\">\n\t\t\t\t\t\t24 rue du Gouverneur G\u00e9n\u00e9ral Ebou\u00e9<br>92130 Issy Les Moulineaux<br>France\t\t\t\t\t<\/p>\n\t\t\t\t\n\t\t\t<\/div>\n\t\t\t\n\t\t<\/div>\n\t\t\t\t\t\t<\/div>\n\t\t\t\t<div class=\"elementor-element elementor-element-467ca93 elementor-widget elementor-widget-spacer\" data-id=\"467ca93\" data-element_type=\"widget\" data-e-type=\"widget\" data-widget_type=\"spacer.default\">\n\t\t\t\t\t\t\t<div class=\"elementor-spacer\">\n\t\t\t<div class=\"elementor-spacer-inner\"><\/div>\n\t\t<\/div>\n\t\t\t\t\t\t<\/div>\n\t\t\t\t<div class=\"elementor-element elementor-element-5990648 elementor-position-inline-end elementor-view-default elementor-mobile-position-block-start elementor-widget elementor-widget-icon-box\" data-id=\"5990648\" data-element_type=\"widget\" data-e-type=\"widget\" data-widget_type=\"icon-box.default\">\n\t\t\t\t\t\t\t<div class=\"elementor-icon-box-wrapper\">\n\n\t\t\t\t\t\t<div class=\"elementor-icon-box-icon\">\n\t\t\t\t<span  class=\"elementor-icon\">\n\t\t\t\t<svg xmlns=\"http:\/\/www.w3.org\/2000\/svg\" height=\"52\" viewBox=\"0 0 52 52\" width=\"52\"><g fill=\"#fff\"><path d=\"m26 52c-14.336975 0-26-11.663025-26-26s11.663025-26 26-26 26 11.663025 26 26c0 6.2008668-5.1479492 10.8334656-9.75 10.8334656-4.8531799 0-9.75-2.6802979-9.75-8.6669312l2.1839905-12.1093445c.1063232-.5895385.6696777-.9795227 1.2588196-.8712157.5895385.1063231.9795227.6716613.8712157 1.2592162l-2.1669311 11.9165344c.0194397 4.6020508 4.1037598 6.3048096 7.6029053 6.3048096 3.5078735 0 7.5834656-3.7851867 7.5834656-8.6665344 0-13.1408386-10.692627-23.8334656-23.8334656-23.8334656s-23.8334656 10.692627-23.8334656 23.8334656 10.692627 23.8334656 23.8334656 23.8334656c5.4447021 0 10.5688477-1.7876587 14.8201904-5.1677857.4657593-.3745117 1.150116-.2967529 1.5206604.1733704.3729248.4681396.2947693 1.148529-.1733703 1.5210571-4.6365662 3.6899719-10.2284547 5.6398926-16.1674805 5.6398926z\"><\/path><path d=\"m25.1000095 37c-2.8441857 0-5.4724737-1.3743401-7.2096338-3.7705634-1.824158-2.5151876-2.3688912-5.7570655-1.4558145-8.6731023 1.4669885-4.6976784 4.8471279-8.0343245 9.273634-9.1598477 3.7792114-.9621994 7.6913137-.1387245 9.9624322 2.0969978.4313968.4226257.4401764 1.120684.0195546 1.5570208-.4186266.4383533-1.1070257.4427892-1.5408169.0197603-1.7108215-1.6848572-4.8842417-2.3038748-7.9072116-1.5372608-2.1597774.550462-6.0371605 2.277259-7.7284275 7.6863036-.7015684 2.2486269-.2765568 4.7569588 1.1377542 6.7083766 1.3185337 1.8235816 3.3083064 2.8696608 5.4485293 2.8696608 4.4528449 0 7.0200747-4.1008405 7.6565945-6.8579893.1352853-.592402.7191276-.964619 1.3097541-.8214587.5862368.1387245.9501904.7311265.8129097 1.3235283-.9849097 4.2528729-4.6595642 8.558574-9.7792583 8.558574z\"><\/path><\/g><\/svg>\t\t\t\t<\/span>\n\t\t\t<\/div>\n\t\t\t\n\t\t\t\t\t\t<div class=\"elementor-icon-box-content\">\n\n\t\t\t\t\n\t\t\t\t\t\t\t\t\t<p class=\"elementor-icon-box-description\">\n\t\t\t\t\t\t<a href=\"mailto:contact@spsearch.fr\">contact@spsearch.fr<a>\t\t\t\t\t<\/p>\n\t\t\t\t\n\t\t\t<\/div>\n\t\t\t\n\t\t<\/div>\n\t\t\t\t\t\t<\/div>\n\t\t\t\t<div class=\"elementor-element elementor-element-283de2e elementor-widget elementor-widget-spacer\" data-id=\"283de2e\" data-element_type=\"widget\" data-e-type=\"widget\" data-widget_type=\"spacer.default\">\n\t\t\t\t\t\t\t<div class=\"elementor-spacer\">\n\t\t\t<div class=\"elementor-spacer-inner\"><\/div>\n\t\t<\/div>\n\t\t\t\t\t\t<\/div>\n\t\t\t\t<div class=\"elementor-element elementor-element-9aa3f70 elementor-position-inline-start elementor-view-default elementor-mobile-position-block-start elementor-widget elementor-widget-icon-box\" data-id=\"9aa3f70\" data-element_type=\"widget\" data-e-type=\"widget\" data-widget_type=\"icon-box.default\">\n\t\t\t\t\t\t\t<div class=\"elementor-icon-box-wrapper\">\n\n\t\t\t\t\t\t<div class=\"elementor-icon-box-icon\">\n\t\t\t\t<span  class=\"elementor-icon\">\n\t\t\t\t<svg xmlns=\"http:\/\/www.w3.org\/2000\/svg\" height=\"45\" viewBox=\"0 0 26 45\" width=\"26\"><g fill=\"#fff\"><path d=\"m23.2363916 0h-20.47197666c-1.52406655 0-2.76441494 1.21649414-2.76441494 2.71125v39.5775c0 1.4947559 1.24034839 2.71125 2.76441494 2.71125h20.47117016c1.5240665 0 2.7644149-1.2164941 2.7644149-2.710459v-39.578291c0-1.49475586-1.2402588-2.71125-2.7636084-2.71125zm1.2342546 42.28875c0 .6675293-.5536357 1.2112207-1.2342546 1.2112207h-20.47197666c-.6813358 0-1.23497155-.5437793-1.23497155-1.2105176v-39.5782031c0-.6675293.55363575-1.2112207 1.23497155-1.2112207h20.47117016c.6813358 0 1.2350611.54377929 1.2350611 1.2112207z\"><\/path><path d=\"m25.2352335 4h-24.47055661c-.42208229 0-.76467689.33600646-.76467689.74997203v31.50005597c0 .4139655.3425946.749972.76467689.749972h24.47064621c.4220823 0 .7646769-.3360065.7646769-.749972v-31.50005597c0-.41396557-.3425946-.74997203-.7647665-.74997203zm-.7646769 31.5000559h-22.94120282v-30.00002394h22.94120282z\"><\/path><\/g><\/svg>\t\t\t\t<\/span>\n\t\t\t<\/div>\n\t\t\t\n\t\t\t\t\t\t<div class=\"elementor-icon-box-content\">\n\n\t\t\t\t\n\t\t\t\t\t\t\t\t\t<p class=\"elementor-icon-box-description\">\n\t\t\t\t\t\t+33 (0)1 78 52 53 77\t\t\t\t\t<\/p>\n\t\t\t\t\n\t\t\t<\/div>\n\t\t\t\n\t\t<\/div>\n\t\t\t\t\t\t<\/div>\n\t\t\t\t\t<\/div>\n\t\t<\/div>\n\t\t\t\t\t<\/div>\n\t\t<\/section>\n\t\t\t\t<section data-particle_enable=\"false\" data-particle-mobile-disabled=\"false\" class=\"elementor-section elementor-top-section elementor-element elementor-element-0f80369 elementor-section-full_width elementor-section-height-default elementor-section-height-default\" data-id=\"0f80369\" data-element_type=\"section\" data-e-type=\"section\">\n\t\t\t\t\t\t<div class=\"elementor-container elementor-column-gap-no\">\n\t\t\t\t\t<div class=\"elementor-column elementor-col-100 elementor-top-column elementor-element elementor-element-798e27f\" data-id=\"798e27f\" data-element_type=\"column\" data-e-type=\"column\">\n\t\t\t<div class=\"elementor-widget-wrap elementor-element-populated\">\n\t\t\t\t\t\t<div class=\"elementor-element elementor-element-5b53685 elementor-widget elementor-widget-google_maps\" data-id=\"5b53685\" data-element_type=\"widget\" data-e-type=\"widget\" data-widget_type=\"google_maps.default\">\n\t\t\t\t\t\t\t<div class=\"elementor-custom-embed\">\n\t\t\t<iframe loading=\"lazy\"\n\t\t\t\t\tsrc=\"https:\/\/maps.google.com\/maps?q=%20%20%20%20%2024%20rue%20du%20Gouverneur%20G%C3%A9n%C3%A9ral%20Ebou%C3%A9%20%2092130%20ISSY%20LES%20MOULINEAUX&#038;t=m&#038;z=13&#038;output=embed&#038;iwloc=near\"\n\t\t\t\t\ttitle=\"     24 rue du Gouverneur G\u00e9n\u00e9ral Ebou\u00e9  92130 ISSY LES MOULINEAUX\"\n\t\t\t\t\taria-label=\"     24 rue du Gouverneur G\u00e9n\u00e9ral Ebou\u00e9  92130 ISSY LES MOULINEAUX\"\n\t\t\t><\/iframe>\n\t\t<\/div>\n\t\t\t\t\t\t<\/div>\n\t\t\t\t\t<\/div>\n\t\t<\/div>\n\t\t\t\t\t<\/div>\n\t\t<\/section>\n\t\t\t\t<section data-particle_enable=\"false\" data-particle-mobile-disabled=\"false\" class=\"elementor-section elementor-top-section elementor-element elementor-element-fafef10 elementor-section-boxed elementor-section-height-default elementor-section-height-default\" data-id=\"fafef10\" data-element_type=\"section\" data-e-type=\"section\" data-settings=\"{&quot;background_background&quot;:&quot;classic&quot;}\">\n\t\t\t\t\t\t<div class=\"elementor-container elementor-column-gap-no\">\n\t\t\t\t\t<div class=\"elementor-column elementor-col-100 elementor-top-column elementor-element elementor-element-f13f8a4\" data-id=\"f13f8a4\" data-element_type=\"column\" data-e-type=\"column\">\n\t\t\t<div class=\"elementor-widget-wrap elementor-element-populated\">\n\t\t\t\t\t\t<section data-particle_enable=\"false\" data-particle-mobile-disabled=\"false\" class=\"elementor-section elementor-inner-section elementor-element elementor-element-80b43b1 elementor-section-boxed elementor-section-height-default elementor-section-height-default\" data-id=\"80b43b1\" data-element_type=\"section\" data-e-type=\"section\">\n\t\t\t\t\t\t<div class=\"elementor-container elementor-column-gap-default\">\n\t\t\t\t\t<div class=\"elementor-column elementor-col-33 elementor-inner-column elementor-element elementor-element-7175180\" data-id=\"7175180\" data-element_type=\"column\" data-e-type=\"column\" data-settings=\"{&quot;background_background&quot;:&quot;classic&quot;}\">\n\t\t\t<div class=\"elementor-widget-wrap elementor-element-populated\">\n\t\t\t\t\t\t<div class=\"elementor-element elementor-element-e3bc962 eael-infobox-content-align--center eael-infobox-icon-bg-shape-none eael-infobox-icon-hover-bg-shape-none elementor-widget elementor-widget-eael-info-box\" data-id=\"e3bc962\" data-element_type=\"widget\" data-e-type=\"widget\" data-widget_type=\"eael-info-box.default\">\n\t\t\t\t\t        <div class=\"eael-infobox icon-on-top\">\n\t            <div class=\"infobox-icon eael-icon-only\">\n\n            \n                            <div class=\"infobox-icon-wrap\">\n                    <svg xmlns=\"http:\/\/www.w3.org\/2000\/svg\" height=\"48\" viewBox=\"0 0 46 48\" width=\"46\"><g fill=\"none\" fill-rule=\"evenodd\" stroke=\"#fff\" stroke-linejoin=\"round\" stroke-width=\"2\" transform=\"translate(1 1)\"><path d=\"m16.9995 39.0003-4 7\" stroke-linecap=\"round\"><\/path><path d=\"m26.9995 39.0003 4 7\" stroke-linecap=\"round\"><\/path><path d=\"m32.9995 35.0003c0 2.209-1.791 4-4 4h-14c-2.209 0-4-1.791-4-4v-21c0-2.209 1.791-4 4-4h14c2.209 0 4 1.791 4 4z\"><\/path><path d=\"m10.9995 27.0003h22\"><\/path><path d=\"m13.9995 31.0003h4\"><\/path><path d=\"m25.9995 31.0003h4\"><\/path><path d=\"m7.001 38.095c-4.308-4.016-7.001-9.741-7.001-16.095 0-12.15 9.849-22 22-22 12.15 0 22 9.85 22 22 0 6.354-2.694 12.078-7 16.094\" stroke-linecap=\"round\"><\/path><path d=\"m14.9995 43.0003h14\"><\/path><path d=\"m10.9995 15.0003h22\"><\/path><path d=\"m21.9995 15.0003v12\"><\/path><\/g><\/svg>                <\/div>\n            \n            \n        <\/div>\n            <div class=\"infobox-content eael-icon-only\">\n                    <div class=\"infobox-title-section\">\n                <h2 class=\"title\">Public transport<\/h2>            <\/div>\n            <div><p><strong>RER C :<\/strong> Station Issy Val de Seine<br \/><strong>Tramway T2 :<\/strong> Station Issy Val de Seine<br \/><strong>Subway 12 :<\/strong> Station Mairie d\u2019Issy<br \/><strong>Subway 8 :<\/strong> Station Balard<\/p><\/div>        <\/div>\n            <\/div>\n\n\t\t\t\t\t\t<\/div>\n\t\t\t\t\t<\/div>\n\t\t<\/div>\n\t\t\t\t<div class=\"elementor-column elementor-col-33 elementor-inner-column elementor-element elementor-element-6814ff8\" data-id=\"6814ff8\" data-element_type=\"column\" data-e-type=\"column\" data-settings=\"{&quot;background_background&quot;:&quot;classic&quot;}\">\n\t\t\t<div class=\"elementor-widget-wrap elementor-element-populated\">\n\t\t\t\t\t\t<div class=\"elementor-element elementor-element-385c2c1 eael-infobox-content-align--center eael-infobox-icon-bg-shape-none eael-infobox-icon-hover-bg-shape-none elementor-widget elementor-widget-eael-info-box\" data-id=\"385c2c1\" data-element_type=\"widget\" data-e-type=\"widget\" data-widget_type=\"eael-info-box.default\">\n\t\t\t\t\t        <div class=\"eael-infobox icon-on-top\">\n\t            <div class=\"infobox-icon eael-icon-only\">\n\n            \n                            <div class=\"infobox-icon-wrap\">\n                    <svg xmlns=\"http:\/\/www.w3.org\/2000\/svg\" height=\"24\" viewBox=\"0 0 48 24\" width=\"48\"><g fill=\"none\" fill-rule=\"evenodd\" stroke=\"#fff\" stroke-linejoin=\"round\" stroke-width=\"2\" transform=\"translate(1 1)\"><path d=\"m14.094364 18c5.024-.008 11.965.027 17 .019\"><\/path><path d=\"m39.999664 18h6v-6c0-2.337-6.833-5.25-11.953-6-3.884-3.685-7.326-6-11.111-6h-7.841c-4.167 0-6.55999999 3-10.81299999 6h-3.187c-.996 2.589-1.374 6.943-.876 8.936.498 1.991 1.784 3.064 3.876 3.064h.905\"><\/path><path d=\"m31.094364 7.2031-2 .797h-16l-3-3\"><\/path><path d=\"m40.094364 17.5c0 2.485-2.015 4.5-4.5 4.5s-4.5-2.015-4.5-4.5 2.015-4.5 4.5-4.5 4.5 2.015 4.5 4.5z\"><\/path><path d=\"m14.094364 17.5c0 2.485-2.015 4.5-4.49999999 4.5-2.485 0-4.5-2.015-4.5-4.5s2.015-4.5 4.5-4.5c2.48499999 0 4.49999999 2.015 4.49999999 4.5z\"><\/path><\/g><\/svg>                <\/div>\n            \n            \n        <\/div>\n            <div class=\"infobox-content eael-icon-only\">\n                    <div class=\"infobox-title-section\">\n                <h2 class=\"title\">Car<\/h2>            <\/div>\n            <div><p><strong><span style=\"text-decoration: underline\">Parkings ZENPARK<\/span><\/strong><br \/>8 rue Diderot<br \/>22 Bld des fr\u00e8res Voisin<br \/>92130 Issy-les-Moulineaux<\/p><\/div>        <\/div>\n            <\/div>\n\n\t\t\t\t\t\t<\/div>\n\t\t\t\t\t<\/div>\n\t\t<\/div>\n\t\t\t\t<div class=\"elementor-column elementor-col-33 elementor-inner-column elementor-element elementor-element-a9bb645\" data-id=\"a9bb645\" data-element_type=\"column\" data-e-type=\"column\" data-settings=\"{&quot;background_background&quot;:&quot;classic&quot;}\">\n\t\t\t<div class=\"elementor-widget-wrap elementor-element-populated\">\n\t\t\t\t\t\t<div class=\"elementor-element elementor-element-8a05453 eael-infobox-content-align--center eael-infobox-icon-bg-shape-none eael-infobox-icon-hover-bg-shape-none elementor-widget elementor-widget-eael-info-box\" data-id=\"8a05453\" data-element_type=\"widget\" data-e-type=\"widget\" data-widget_type=\"eael-info-box.default\">\n\t\t\t\t\t        <div class=\"eael-infobox icon-on-top\">\n\t            <div class=\"infobox-icon eael-icon-only\">\n\n            \n                            <div class=\"infobox-icon-wrap\">\n                    <svg xmlns=\"http:\/\/www.w3.org\/2000\/svg\" height=\"30\" viewBox=\"0 0 48 30\" width=\"48\"><g fill=\"none\" fill-rule=\"evenodd\" stroke=\"#fff\" stroke-linejoin=\"round\" stroke-width=\"2\" transform=\"translate(1 1)\"><path d=\"m46 19c0 4.971-4.029 9-9 9s-9-4.029-9-9 4.029-9 9-9 9 4.029 9 9z\"><\/path><path d=\"m18 19c0 4.971-4.029 9-9 9s-9-4.029-9-9 4.029-9 9-9 9 4.029 9 9z\"><\/path><path d=\"m37 19-6-13 2-3-5-3\"><\/path><path d=\"m31 6h-16l-6 13h13.916l5.307-10\"><\/path><path d=\"m15 6v-3\"><\/path><path d=\"m18 3h-6\"><\/path><\/g><\/svg>                <\/div>\n            \n            \n        <\/div>\n            <div class=\"infobox-content eael-icon-only\">\n                    <div class=\"infobox-title-section\">\n                <h2 class=\"title\">Bike<\/h2>            <\/div>\n            <div><p><span style=\"text-decoration: underline\"><strong>Velib Station<\/strong><\/span><\/p><p>Kl\u00e9ber &#8211; Gouverneur G\u00e9n\u00e9ral Ebou\u00e9<\/p><\/div>        <\/div>\n            <\/div>\n\n\t\t\t\t\t\t<\/div>\n\t\t\t\t\t<\/div>\n\t\t<\/div>\n\t\t\t\t\t<\/div>\n\t\t<\/section>\n\t\t\t\t\t<\/div>\n\t\t<\/div>\n\t\t\t\t\t<\/div>\n\t\t<\/section>\n\t\t\t\t<\/div>\n\t\t","protected":false},"excerpt":{"rendered":"<p>Contact us Please complete this form. Pr\u00e9nom * Nom * Email perso * T\u00e9l\u00e9phone * Vous \u00eates * RecruteurCandidatAutre Message * J&#8217;accepte de recevoir la newsletter de SP SEARCH Envoyer * Mentions obligatoires pour \u00eatre en mesure de traiter votre demande de contact. AdDress 24 rue du Gouverneur G\u00e9n\u00e9ral Ebou\u00e992130 Issy Les MoulineauxFrance contact@spsearch.fr +33 [&hellip;]<\/p>\n","protected":false},"author":1,"featured_media":0,"parent":0,"menu_order":0,"comment_status":"closed","ping_status":"closed","template":"","meta":{"_acf_changed":false,"cybocfi_hide_featured_image":"","footnotes":""},"class_list":["post-1427","page","type-page","status-publish","hentry"],"acf":[],"_links":{"self":[{"href":"https:\/\/www.spsearch.fr\/en\/wp-json\/wp\/v2\/pages\/1427","targetHints":{"allow":["GET"]}}],"collection":[{"href":"https:\/\/www.spsearch.fr\/en\/wp-json\/wp\/v2\/pages"}],"about":[{"href":"https:\/\/www.spsearch.fr\/en\/wp-json\/wp\/v2\/types\/page"}],"author":[{"embeddable":true,"href":"https:\/\/www.spsearch.fr\/en\/wp-json\/wp\/v2\/users\/1"}],"replies":[{"embeddable":true,"href":"https:\/\/www.spsearch.fr\/en\/wp-json\/wp\/v2\/comments?post=1427"}],"version-history":[{"count":41,"href":"https:\/\/www.spsearch.fr\/en\/wp-json\/wp\/v2\/pages\/1427\/revisions"}],"predecessor-version":[{"id":4958,"href":"https:\/\/www.spsearch.fr\/en\/wp-json\/wp\/v2\/pages\/1427\/revisions\/4958"}],"wp:attachment":[{"href":"https:\/\/www.spsearch.fr\/en\/wp-json\/wp\/v2\/media?parent=1427"}],"curies":[{"name":"wp","href":"https:\/\/api.w.org\/{rel}","templated":true}]}}